{"id":110,"date":"2013-07-12T11:43:55","date_gmt":"2013-07-12T09:43:55","guid":{"rendered":"http:\/\/www.acquebalneabili.it\/test\/?page_id=110"},"modified":"2013-07-12T11:43:55","modified_gmt":"2013-07-12T09:43:55","slug":"tipologia-di-biopiscine","status":"publish","type":"page","link":"https:\/\/www.acquebalneabili.it\/?page_id=110","title":{"rendered":"Tipologia di biopiscine"},"content":{"rendered":"<p>Ricordando l&#8217;obbiettivo pi\u00f9 importante, quello di ottenere un acqua di qualit\u00e0 balneabili, si pu\u00f2 tuttavia dire che non esiste un solo sistema costruttivo e funzionale per le biopiscine. Si pu\u00f2 infatti arrivare attraverso sistemi diversi e con vari gradi di rapporto tra natura e tecnica.<\/p>\n<p>Da impianti totalmente naturalistici senza alcun uso di tecnica (adatto solo ad utenti decisamente amanti della natura), passando da impianti con tecnica bassa e media, fino ad impianti con l&#8217;impiego di vari tipi di circuiti, filtraggi ed aspirazione meccanica.<\/p>\n<p>L&#8217;aspetto dell&#8217;acqua si differenzia notevolmente a dipendere dalla tipologia scelta. Meno tecnica si usa, pi\u00f9 elevato deve risultare il rapporto delle aree di reposizione rispetto a quella balneabile. Pi\u00f9 tecnica si usa, meno metri quadrati di reposizione servono.<\/p>\n<p>Sono sempre e comunque esclusi trattamenti chimici e\/o con UV. Entrambi sono estremamente dannoci per l&#8217;equilibrio dell&#8217;acqua e non corrispondono ai criteri di depurazione biologica.<\/p>\n","protected":false},"excerpt":{"rendered":"<p>Ricordando l&#8217;obbiettivo pi\u00f9 importante, quello di ottenere un acqua di qualit\u00e0 balneabili, si pu\u00f2 tuttavia dire che non esiste un solo sistema costruttivo e funzionale per le biopiscine. Si pu\u00f2 infatti arrivare attraverso sistemi diversi e con vari gradi di &hellip; <a href=\"https:\/\/www.acquebalneabili.it\/?page_id=110\">Continue reading <span class=\"meta-nav\">&rarr;<\/span><\/a><\/p>\n","protected":false},"author":1,"featured_media":0,"parent":9,"menu_order":0,"comment_status":"closed","ping_status":"closed","template":"","meta":[],"yoast_head":"<!-- This site is optimized with the Yoast SEO plugin v15.7 - https:\/\/yoast.com\/wordpress\/plugins\/seo\/ -->\n<meta name=\"robots\" content=\"index, follow, max-snippet:-1, max-image-preview:large, max-video-preview:-1\" \/>\n<link rel=\"canonical\" href=\"https:\/\/www.acquebalneabili.it\/?page_id=110\" \/>\n<meta property=\"og:locale\" content=\"it_IT\" \/>\n<meta property=\"og:type\" content=\"article\" \/>\n<meta property=\"og:title\" content=\"Tipologia di biopiscine  - Associazione Italiana Acque Balneabili Naturali\" \/>\n<meta property=\"og:description\" content=\"Ricordando l&#8217;obbiettivo pi\u00f9 importante, quello di ottenere un acqua di qualit\u00e0 balneabili, si pu\u00f2 tuttavia dire che non esiste un solo sistema costruttivo e funzionale per le biopiscine. Si pu\u00f2 infatti arrivare attraverso sistemi diversi e con vari gradi di &hellip; Continue reading &rarr;\" \/>\n<meta property=\"og:url\" content=\"https:\/\/www.acquebalneabili.it\/?page_id=110\" \/>\n<meta property=\"og:site_name\" content=\"Associazione Italiana Acque Balneabili Naturali\" \/>\n<meta name=\"twitter:card\" content=\"summary_large_image\" \/>\n<meta name=\"twitter:label1\" content=\"Tempo di lettura stimato\">\n\t<meta name=\"twitter:data1\" content=\"1 minuto\">\n<script type=\"application\/ld+json\" class=\"yoast-schema-graph\">{\"@context\":\"https:\/\/schema.org\",\"@graph\":[{\"@type\":\"WebSite\",\"@id\":\"https:\/\/www.acquebalneabili.it\/#website\",\"url\":\"https:\/\/www.acquebalneabili.it\/\",\"name\":\"Associazione Italiana Acque Balneabili Naturali\",\"description\":\"Il sito ufficiale di tutti i biolaghi, biopiscine e piscine naturali in Italia\",\"potentialAction\":[{\"@type\":\"SearchAction\",\"target\":\"https:\/\/www.acquebalneabili.it\/?s={search_term_string}\",\"query-input\":\"required name=search_term_string\"}],\"inLanguage\":\"it-IT\"},{\"@type\":\"WebPage\",\"@id\":\"https:\/\/www.acquebalneabili.it\/?page_id=110#webpage\",\"url\":\"https:\/\/www.acquebalneabili.it\/?page_id=110\",\"name\":\"Tipologia di biopiscine - Associazione Italiana Acque Balneabili Naturali\",\"isPartOf\":{\"@id\":\"https:\/\/www.acquebalneabili.it\/#website\"},\"datePublished\":\"2013-07-12T09:43:55+00:00\",\"dateModified\":\"2013-07-12T09:43:55+00:00\",\"inLanguage\":\"it-IT\",\"potentialAction\":[{\"@type\":\"ReadAction\",\"target\":[\"https:\/\/www.acquebalneabili.it\/?page_id=110\"]}]}]}<\/script>\n<!-- \/ Yoast SEO plugin. -->","_links":{"self":[{"href":"https:\/\/www.acquebalneabili.it\/index.php?rest_route=\/wp\/v2\/pages\/110"}],"collection":[{"href":"https:\/\/www.acquebalneabili.it\/index.php?rest_route=\/wp\/v2\/pages"}],"about":[{"href":"https:\/\/www.acquebalneabili.it\/index.php?rest_route=\/wp\/v2\/types\/page"}],"author":[{"embeddable":true,"href":"https:\/\/www.acquebalneabili.it\/index.php?rest_route=\/wp\/v2\/users\/1"}],"replies":[{"embeddable":true,"href":"https:\/\/www.acquebalneabili.it\/index.php?rest_route=%2Fwp%2Fv2%2Fcomments&post=110"}],"version-history":[{"count":1,"href":"https:\/\/www.acquebalneabili.it\/index.php?rest_route=\/wp\/v2\/pages\/110\/revisions"}],"predecessor-version":[{"id":111,"href":"https:\/\/www.acquebalneabili.it\/index.php?rest_route=\/wp\/v2\/pages\/110\/revisions\/111"}],"up":[{"embeddable":true,"href":"https:\/\/www.acquebalneabili.it\/index.php?rest_route=\/wp\/v2\/pages\/9"}],"wp:attachment":[{"href":"https:\/\/www.acquebalneabili.it\/index.php?rest_route=%2Fwp%2Fv2%2Fmedia&parent=110"}],"curies":[{"name":"wp","href":"https:\/\/api.w.org\/{rel}","templated":true}]}}