{"id":174,"date":"2013-07-18T14:41:41","date_gmt":"2013-07-18T12:41:41","guid":{"rendered":"http:\/\/www.acquebalneabili.it\/test\/?page_id=174"},"modified":"2013-08-23T10:50:38","modified_gmt":"2013-08-23T08:50:38","slug":"francese","status":"publish","type":"page","link":"https:\/\/www.acquebalneabili.it\/?page_id=174","title":{"rendered":"Francese"},"content":{"rendered":"<table >\n<tr>\n<td><img loading=\"lazy\" src=\"..\/..\/images\/bibliografia\/Francese\/4.jpg\" alt=\"\" width=\"140\" height=\"166\" \/><\/td>\n<td>\n<p><font color=\"#336600\"><strong><font size=\"3\">Natuurlijke zwemvijvers<\/font><\/strong><\/font><br \/>\n    Lingue: Francese e Olandese<br \/>\n   (2008)<\/p>\n<\/td>\n<\/tr>\n<tr>\n<td><img src=\"http:\/\/www.acquebalneabili.it\/images\/bibliografia\/Francese\/1.jpg\" alt=\"\" width=\"140\"><\/td>\n<td>\n<p><font color=\"#336600\"><strong><font size=\"3\">Piscines naturelles<\/font><\/strong><\/font><br \/>\n    Bernard Depoorter, Rosenn Le Page (2007)<br \/>\n   Rustica editions<\/p>\n<\/td>\n<\/tr>\n<tr>\n<td><img loading=\"lazy\" src=\"..\/..\/images\/bibliografia\/Francese\/2.jpg\" alt=\"\" width=\"140\" height=\"166\" \/><\/td>\n<td>\n<p><font color=\"#336600\"><strong><font size=\"3\">Piscines \u00e9cologiques &#8211; de la conception \u00e0 la r\u00e9alisation<\/font><\/strong><\/font><br \/>\n    Wolfram Franke (2006)<br \/>Ulmer<\/p>\n<\/td>\n<\/tr>\n<tr>\n<td><img loading=\"lazy\" src=\"..\/..\/images\/bibliografia\/Francese\/3.jpg\" alt=\"\" width=\"140\" height=\"166\" \/><\/td>\n<td>\n<p><font color=\"#336600\"><strong><font size=\"3\">Les baignades biologiques &#8211; pr\u00ecncipes de fonctionnement et de costruction<\/font><\/strong><\/font><br \/>\n    Leopold Franck (2005) <br \/>Edition Jardins et D\u00e9cors Aquatiques<\/p>\n<\/td>\n<\/tr>\n<\/table>\n","protected":false},"excerpt":{"rendered":"<p>Natuurlijke zwemvijvers Lingue: Francese e Olandese (2008) Piscines naturelles Bernard Depoorter, Rosenn Le Page (2007) Rustica editions Piscines \u00e9cologiques &#8211; de la conception \u00e0 la r\u00e9alisation Wolfram Franke (2006)Ulmer Les baignades biologiques &#8211; pr\u00ecncipes de fonctionnement et de costruction Leopold &hellip; <a href=\"https:\/\/www.acquebalneabili.it\/?page_id=174\">Continue reading <span class=\"meta-nav\">&rarr;<\/span><\/a><\/p>\n","protected":false},"author":1,"featured_media":0,"parent":16,"menu_order":0,"comment_status":"closed","ping_status":"closed","template":"","meta":[],"yoast_head":"<!-- This site is optimized with the Yoast SEO plugin v15.7 - https:\/\/yoast.com\/wordpress\/plugins\/seo\/ -->\n<meta name=\"robots\" content=\"index, follow, max-snippet:-1, max-image-preview:large, max-video-preview:-1\" \/>\n<link rel=\"canonical\" href=\"https:\/\/www.acquebalneabili.it\/?page_id=174\" \/>\n<meta property=\"og:locale\" content=\"it_IT\" \/>\n<meta property=\"og:type\" content=\"article\" \/>\n<meta property=\"og:title\" content=\"Francese - Associazione Italiana Acque Balneabili Naturali\" \/>\n<meta property=\"og:description\" content=\"Natuurlijke zwemvijvers Lingue: Francese e Olandese (2008) Piscines naturelles Bernard Depoorter, Rosenn Le Page (2007) Rustica editions Piscines \u00e9cologiques &#8211; de la conception \u00e0 la r\u00e9alisation Wolfram Franke (2006)Ulmer Les baignades biologiques &#8211; pr\u00ecncipes de fonctionnement et de costruction Leopold &hellip; Continue reading &rarr;\" \/>\n<meta property=\"og:url\" content=\"https:\/\/www.acquebalneabili.it\/?page_id=174\" \/>\n<meta property=\"og:site_name\" content=\"Associazione Italiana Acque Balneabili Naturali\" \/>\n<meta property=\"article:modified_time\" content=\"2013-08-23T08:50:38+00:00\" \/>\n<meta property=\"og:image\" content=\"http:\/\/..\/..\/images\/bibliografia\/Francese\/4.jpg\" \/>\n<meta name=\"twitter:card\" content=\"summary_large_image\" \/>\n<script type=\"application\/ld+json\" class=\"yoast-schema-graph\">{\"@context\":\"https:\/\/schema.org\",\"@graph\":[{\"@type\":\"WebSite\",\"@id\":\"https:\/\/www.acquebalneabili.it\/#website\",\"url\":\"https:\/\/www.acquebalneabili.it\/\",\"name\":\"Associazione Italiana Acque Balneabili Naturali\",\"description\":\"Il sito ufficiale di tutti i biolaghi, biopiscine e piscine naturali in Italia\",\"potentialAction\":[{\"@type\":\"SearchAction\",\"target\":\"https:\/\/www.acquebalneabili.it\/?s={search_term_string}\",\"query-input\":\"required name=search_term_string\"}],\"inLanguage\":\"it-IT\"},{\"@type\":\"ImageObject\",\"@id\":\"https:\/\/www.acquebalneabili.it\/?page_id=174#primaryimage\",\"inLanguage\":\"it-IT\",\"url\":\"..\/..\/images\/bibliografia\/Francese\/4.jpg\"},{\"@type\":\"WebPage\",\"@id\":\"https:\/\/www.acquebalneabili.it\/?page_id=174#webpage\",\"url\":\"https:\/\/www.acquebalneabili.it\/?page_id=174\",\"name\":\"Francese - Associazione Italiana Acque Balneabili Naturali\",\"isPartOf\":{\"@id\":\"https:\/\/www.acquebalneabili.it\/#website\"},\"primaryImageOfPage\":{\"@id\":\"https:\/\/www.acquebalneabili.it\/?page_id=174#primaryimage\"},\"datePublished\":\"2013-07-18T12:41:41+00:00\",\"dateModified\":\"2013-08-23T08:50:38+00:00\",\"inLanguage\":\"it-IT\",\"potentialAction\":[{\"@type\":\"ReadAction\",\"target\":[\"https:\/\/www.acquebalneabili.it\/?page_id=174\"]}]}]}<\/script>\n<!-- \/ Yoast SEO plugin. -->","_links":{"self":[{"href":"https:\/\/www.acquebalneabili.it\/index.php?rest_route=\/wp\/v2\/pages\/174"}],"collection":[{"href":"https:\/\/www.acquebalneabili.it\/index.php?rest_route=\/wp\/v2\/pages"}],"about":[{"href":"https:\/\/www.acquebalneabili.it\/index.php?rest_route=\/wp\/v2\/types\/page"}],"author":[{"embeddable":true,"href":"https:\/\/www.acquebalneabili.it\/index.php?rest_route=\/wp\/v2\/users\/1"}],"replies":[{"embeddable":true,"href":"https:\/\/www.acquebalneabili.it\/index.php?rest_route=%2Fwp%2Fv2%2Fcomments&post=174"}],"version-history":[{"count":17,"href":"https:\/\/www.acquebalneabili.it\/index.php?rest_route=\/wp\/v2\/pages\/174\/revisions"}],"predecessor-version":[{"id":410,"href":"https:\/\/www.acquebalneabili.it\/index.php?rest_route=\/wp\/v2\/pages\/174\/revisions\/410"}],"up":[{"embeddable":true,"href":"https:\/\/www.acquebalneabili.it\/index.php?rest_route=\/wp\/v2\/pages\/16"}],"wp:attachment":[{"href":"https:\/\/www.acquebalneabili.it\/index.php?rest_route=%2Fwp%2Fv2%2Fmedia&parent=174"}],"curies":[{"name":"wp","href":"https:\/\/api.w.org\/{rel}","templated":true}]}}