{"id":22,"date":"2013-06-08T09:30:25","date_gmt":"2013-06-08T07:30:25","guid":{"rendered":"http:\/\/www.acquebalneabili.it\/test\/?page_id=22"},"modified":"2013-07-24T18:44:39","modified_gmt":"2013-07-24T16:44:39","slug":"links","status":"publish","type":"page","link":"https:\/\/www.acquebalneabili.it\/?page_id=22","title":{"rendered":"Links"},"content":{"rendered":"<table width=\"100%\" border=\"0\" cellspacing=\"0\" cellpadding=\"10\"class=\"evidenza1\">\n<tr>\n<td align=\"center\"><a href=\"http:\/\/www.iob-ev.eu\/\" target=\"_blank\"><img loading=\"lazy\" src=\"..\/..\/images\/Links\/iob.jpg\" width=\"125\" height=\"94\" alt=\" IOB, international association for natural bathing waters.\" \/><\/a><\/td>\n<td><a href=\"http:\/\/www.iob-ev.eu\/\" target=\"_blank\">IOB, international association for natural bathing waters.<\/a><\/td>\n<\/tr>\n<tr>\n<td align=\"center\"><a href=\"http:\/\/www.dgfnb.de\/\" target=\"_blank\"><img loading=\"lazy\" src=\"..\/..\/images\/Links\/Deutschen.jpg\" width=\"125\" height=\"94\" alt=\" Deutschen Gesellschaft f\u00fcr naturnahe Badegew\u00e4sser\" \/><\/a><\/td>\n<td><a href=\"http:\/\/www.dgfnb.de\/\" target=\"_blank\">Deutschen Gesellschaft f\u00fcr naturnahe Badegew\u00e4sser<\/a><a href=\"http:\/\/www.dgfnb.de\/\"><\/a><\/td>\n<\/tr>\n<tr>\n<td align=\"center\"><a href=\"http:\/\/www.schwimmteich.co.at\/\" target=\"_blank\"><img loading=\"lazy\" src=\"..\/..\/images\/Links\/Schwimmteichbauer.jpg\" width=\"125\" height=\"94\" alt=\"Verband \u00d6sterreichischer Schwimmteichbauer\" \/><\/a><\/td>\n<td><a href=\"http:\/\/www.schwimmteich.co.at\/\" target=\"_blank\">Verband \u00d6sterreichischer Schwimmteichbauer<\/a><\/td>\n<\/tr>\n<tr>\n<td align=\"center\"><a href=\"http:\/\/www.svbp.org\/\" target=\"_blank\"><img loading=\"lazy\" src=\"..\/..\/images\/Links\/Schweizerische.jpg\" width=\"125\" height=\"94\" alt=\"Schweizerischer Verband f\u00fcr naturnahe Badegew\u00e4sser und Pflanzenkl\u00e4ranlagen\" \/><\/a><\/td>\n<td><a href=\"http:\/\/www.svbp.org\/\" target=\"_blank\">Schweizerischer Verband f\u00fcr naturnahe Badegew\u00e4sser und Pflanzenkl\u00e4ranlagen<\/a><\/td>\n<\/tr>\n<tr>\n<td align=\"center\"><a href=\"http:\/\/sites.google.com\/site\/grupoibericoaguasbalneares\/\" target=\"_blank\"><img loading=\"lazy\" src=\"..\/..\/images\/Links\/GruppoIberico.jpg\" width=\"125\" height=\"94\" alt=\"  Grupo Ib\u00e9rico Aguas Balneares Naturalizadas\" \/><\/a><\/td>\n<td> <a href=\"http:\/\/sites.google.com\/site\/grupoibericoaguasbalneares\/\" target=\"_blank\">Grupo Ib\u00e9rico Aguas Balneares Naturalizadas<\/a><\/td>\n<\/tr>\n<\/table>\n","protected":false},"excerpt":{"rendered":"<p>IOB, international association for natural bathing waters. Deutschen Gesellschaft f\u00fcr naturnahe Badegew\u00e4sser Verband \u00d6sterreichischer Schwimmteichbauer Schweizerischer Verband f\u00fcr naturnahe Badegew\u00e4sser und Pflanzenkl\u00e4ranlagen Grupo Ib\u00e9rico Aguas Balneares Naturalizadas<\/p>\n","protected":false},"author":1,"featured_media":0,"parent":0,"menu_order":0,"comment_status":"closed","ping_status":"closed","template":"","meta":[],"yoast_head":"<!-- This site is optimized with the Yoast SEO plugin v15.7 - https:\/\/yoast.com\/wordpress\/plugins\/seo\/ -->\n<meta name=\"robots\" content=\"index, follow, max-snippet:-1, max-image-preview:large, max-video-preview:-1\" \/>\n<link rel=\"canonical\" href=\"https:\/\/www.acquebalneabili.it\/?page_id=22\" \/>\n<meta property=\"og:locale\" content=\"it_IT\" \/>\n<meta property=\"og:type\" content=\"article\" \/>\n<meta property=\"og:title\" content=\"Links - Associazione Italiana Acque Balneabili Naturali\" \/>\n<meta property=\"og:description\" content=\"IOB, international association for natural bathing waters. Deutschen Gesellschaft f\u00fcr naturnahe Badegew\u00e4sser Verband \u00d6sterreichischer Schwimmteichbauer Schweizerischer Verband f\u00fcr naturnahe Badegew\u00e4sser und Pflanzenkl\u00e4ranlagen Grupo Ib\u00e9rico Aguas Balneares Naturalizadas\" \/>\n<meta property=\"og:url\" content=\"https:\/\/www.acquebalneabili.it\/?page_id=22\" \/>\n<meta property=\"og:site_name\" content=\"Associazione Italiana Acque Balneabili Naturali\" \/>\n<meta property=\"article:modified_time\" content=\"2013-07-24T16:44:39+00:00\" \/>\n<meta property=\"og:image\" content=\"http:\/\/..\/..\/images\/Links\/iob.jpg\" \/>\n<meta name=\"twitter:card\" content=\"summary_large_image\" \/>\n<script type=\"application\/ld+json\" class=\"yoast-schema-graph\">{\"@context\":\"https:\/\/schema.org\",\"@graph\":[{\"@type\":\"WebSite\",\"@id\":\"https:\/\/www.acquebalneabili.it\/#website\",\"url\":\"https:\/\/www.acquebalneabili.it\/\",\"name\":\"Associazione Italiana Acque Balneabili Naturali\",\"description\":\"Il sito ufficiale di tutti i biolaghi, biopiscine e piscine naturali in Italia\",\"potentialAction\":[{\"@type\":\"SearchAction\",\"target\":\"https:\/\/www.acquebalneabili.it\/?s={search_term_string}\",\"query-input\":\"required name=search_term_string\"}],\"inLanguage\":\"it-IT\"},{\"@type\":\"ImageObject\",\"@id\":\"https:\/\/www.acquebalneabili.it\/?page_id=22#primaryimage\",\"inLanguage\":\"it-IT\",\"url\":\"..\/..\/images\/Links\/iob.jpg\"},{\"@type\":\"WebPage\",\"@id\":\"https:\/\/www.acquebalneabili.it\/?page_id=22#webpage\",\"url\":\"https:\/\/www.acquebalneabili.it\/?page_id=22\",\"name\":\"Links - Associazione Italiana Acque Balneabili Naturali\",\"isPartOf\":{\"@id\":\"https:\/\/www.acquebalneabili.it\/#website\"},\"primaryImageOfPage\":{\"@id\":\"https:\/\/www.acquebalneabili.it\/?page_id=22#primaryimage\"},\"datePublished\":\"2013-06-08T07:30:25+00:00\",\"dateModified\":\"2013-07-24T16:44:39+00:00\",\"inLanguage\":\"it-IT\",\"potentialAction\":[{\"@type\":\"ReadAction\",\"target\":[\"https:\/\/www.acquebalneabili.it\/?page_id=22\"]}]}]}<\/script>\n<!-- \/ Yoast SEO plugin. -->","_links":{"self":[{"href":"https:\/\/www.acquebalneabili.it\/index.php?rest_route=\/wp\/v2\/pages\/22"}],"collection":[{"href":"https:\/\/www.acquebalneabili.it\/index.php?rest_route=\/wp\/v2\/pages"}],"about":[{"href":"https:\/\/www.acquebalneabili.it\/index.php?rest_route=\/wp\/v2\/types\/page"}],"author":[{"embeddable":true,"href":"https:\/\/www.acquebalneabili.it\/index.php?rest_route=\/wp\/v2\/users\/1"}],"replies":[{"embeddable":true,"href":"https:\/\/www.acquebalneabili.it\/index.php?rest_route=%2Fwp%2Fv2%2Fcomments&post=22"}],"version-history":[{"count":5,"href":"https:\/\/www.acquebalneabili.it\/index.php?rest_route=\/wp\/v2\/pages\/22\/revisions"}],"predecessor-version":[{"id":299,"href":"https:\/\/www.acquebalneabili.it\/index.php?rest_route=\/wp\/v2\/pages\/22\/revisions\/299"}],"wp:attachment":[{"href":"https:\/\/www.acquebalneabili.it\/index.php?rest_route=%2Fwp%2Fv2%2Fmedia&parent=22"}],"curies":[{"name":"wp","href":"https:\/\/api.w.org\/{rel}","templated":true}]}}