{"id":386,"date":"2013-08-01T16:55:57","date_gmt":"2013-08-01T14:55:57","guid":{"rendered":"http:\/\/www.acquebalneabili.it\/?page_id=386"},"modified":"2013-08-01T17:12:25","modified_gmt":"2013-08-01T15:12:25","slug":"conferenza","status":"publish","type":"page","link":"https:\/\/www.acquebalneabili.it\/?page_id=386","title":{"rendered":"Conferenza"},"content":{"rendered":"<p><strong>Conferenza per la promozione ed il riconoscimento ufficiale delle biopiscine pubbliche ed in strutture ricettive.<\/strong><\/p>\n<p><object classid=\"clsid:D27CDB6E-AE6D-11cf-96B8-444553540000\" codebase=\"http:\/\/download.macromedia.com\/pub\/shockwave\/cabs\/flash\/swflash.cab#version=7,0,19,0\" width=\"420\" height=\"340\"><param name=\"allowFullScreen\" value=\"true\"\/><param name=\"movie\" value=\"..\/ \n..\/sign.swf?xml_path=..\/..\/Video AIABN.xml\" \/><param name=\"quality\" value=\"high\" \/><param name=\"wmode\" value=\"transparent\"><embed src=\"..\/..\/sign.swf?xml_path=..\/..\/Video AIABN.xml\" width=\"420\" height=\"340\" quality=\"high\" wmode=\"transparent\" allowFullScreen=\"true\" pluginspage=\"http:\/\/www.macromedia.com\/go\/getflashplayer\" type=\"application\/x-shockwave-flash\"><\/embed><\/object><\/p>\n<p>La conferenza del 22. Giugno 2012, tenutasi ai Due Laghi, Ferrara, si \u00e8 rivelata una vera pietra miliare sul percorso delle biopiscine pubbliche italiane verso un riconoscimento ufficiale con una apposita normativa . Di fronte ad un numeroso ed interessatissimo pubblico, i qualificati relatori hanno esposto lo stato attuale dell&#8217;iter normativo a livello nazionale ed internazionale.<br \/>\nUdo Schwarzer ha esposto la situazione internazionale europaea ed extraeuropea di tutti paesi membri della IOB (Leggi qui il documento allegato). Inoltre il presidente ha presentato le linee guida internazionali a cui nel frattempo aderiscono molti paesi membri. La seguitissima relazione &#8220;le biopiscine: una realt\u00e0 in Alto Adige&#8221; della dottoressa Alberta Stenico ci ha riportato invece nella realt\u00e0 italiana, evidenziando che in Alto Adige sono state deliberate gi\u00e0 nel 2011 le linee guida per le biopiscine pubbliche.<br \/>\nSi \u00e8 inoltre formato all&#8217; istituto superiore della salute da alcuni mesi un gruppo di lavoro inerente al tema delle acque balneabili naturali \/biopiscine pubbliche &#8211; un altro importante supporto verso un regolamento ufficiale . Interessantissimo contributo alla giornata \u00e8 stato poi l&#8217;intervento del dott. Carlo Ravelli , sindaco di Monclassico , che ha portato l&#8217;esperienza diretta, ormai quinquennale, con la sua biopiscina comunale, la quale nel frattempo \u00e8 diventato un vero punto di attrazione in tutta la Val del Sole. Nel pomeriggio , l&#8217;inaugurazione della grande biopiscina all&#8217;interno del Agriturismo &#8220;i Due Laghi &#8221; , occasione ben accolta dai partecipanti per un rinfrescante bagno di prova .<\/p>\n","protected":false},"excerpt":{"rendered":"<p>Conferenza per la promozione ed il riconoscimento ufficiale delle biopiscine pubbliche ed in strutture ricettive. La conferenza del 22. Giugno 2012, tenutasi ai Due Laghi, Ferrara, si \u00e8 rivelata una vera pietra miliare sul percorso delle biopiscine pubbliche italiane verso &hellip; <a href=\"https:\/\/www.acquebalneabili.it\/?page_id=386\">Continue reading <span class=\"meta-nav\">&rarr;<\/span><\/a><\/p>\n","protected":false},"author":1,"featured_media":0,"parent":18,"menu_order":0,"comment_status":"closed","ping_status":"closed","template":"","meta":[],"yoast_head":"<!-- This site is optimized with the Yoast SEO plugin v15.7 - https:\/\/yoast.com\/wordpress\/plugins\/seo\/ -->\n<meta name=\"robots\" content=\"index, follow, max-snippet:-1, max-image-preview:large, max-video-preview:-1\" \/>\n<link rel=\"canonical\" href=\"https:\/\/www.acquebalneabili.it\/?page_id=386\" \/>\n<meta property=\"og:locale\" content=\"it_IT\" \/>\n<meta property=\"og:type\" content=\"article\" \/>\n<meta property=\"og:title\" content=\"Conferenza - Associazione Italiana Acque Balneabili Naturali\" \/>\n<meta property=\"og:description\" content=\"Conferenza per la promozione ed il riconoscimento ufficiale delle biopiscine pubbliche ed in strutture ricettive. La conferenza del 22. Giugno 2012, tenutasi ai Due Laghi, Ferrara, si \u00e8 rivelata una vera pietra miliare sul percorso delle biopiscine pubbliche italiane verso &hellip; Continue reading &rarr;\" \/>\n<meta property=\"og:url\" content=\"https:\/\/www.acquebalneabili.it\/?page_id=386\" \/>\n<meta property=\"og:site_name\" content=\"Associazione Italiana Acque Balneabili Naturali\" \/>\n<meta property=\"article:modified_time\" content=\"2013-08-01T15:12:25+00:00\" \/>\n<meta name=\"twitter:card\" content=\"summary_large_image\" \/>\n<meta name=\"twitter:label1\" content=\"Tempo di lettura stimato\">\n\t<meta name=\"twitter:data1\" content=\"1 minuto\">\n<script type=\"application\/ld+json\" class=\"yoast-schema-graph\">{\"@context\":\"https:\/\/schema.org\",\"@graph\":[{\"@type\":\"WebSite\",\"@id\":\"https:\/\/www.acquebalneabili.it\/#website\",\"url\":\"https:\/\/www.acquebalneabili.it\/\",\"name\":\"Associazione Italiana Acque Balneabili Naturali\",\"description\":\"Il sito ufficiale di tutti i biolaghi, biopiscine e piscine naturali in Italia\",\"potentialAction\":[{\"@type\":\"SearchAction\",\"target\":\"https:\/\/www.acquebalneabili.it\/?s={search_term_string}\",\"query-input\":\"required name=search_term_string\"}],\"inLanguage\":\"it-IT\"},{\"@type\":\"WebPage\",\"@id\":\"https:\/\/www.acquebalneabili.it\/?page_id=386#webpage\",\"url\":\"https:\/\/www.acquebalneabili.it\/?page_id=386\",\"name\":\"Conferenza - Associazione Italiana Acque Balneabili Naturali\",\"isPartOf\":{\"@id\":\"https:\/\/www.acquebalneabili.it\/#website\"},\"datePublished\":\"2013-08-01T14:55:57+00:00\",\"dateModified\":\"2013-08-01T15:12:25+00:00\",\"inLanguage\":\"it-IT\",\"potentialAction\":[{\"@type\":\"ReadAction\",\"target\":[\"https:\/\/www.acquebalneabili.it\/?page_id=386\"]}]}]}<\/script>\n<!-- \/ Yoast SEO plugin. -->","_links":{"self":[{"href":"https:\/\/www.acquebalneabili.it\/index.php?rest_route=\/wp\/v2\/pages\/386"}],"collection":[{"href":"https:\/\/www.acquebalneabili.it\/index.php?rest_route=\/wp\/v2\/pages"}],"about":[{"href":"https:\/\/www.acquebalneabili.it\/index.php?rest_route=\/wp\/v2\/types\/page"}],"author":[{"embeddable":true,"href":"https:\/\/www.acquebalneabili.it\/index.php?rest_route=\/wp\/v2\/users\/1"}],"replies":[{"embeddable":true,"href":"https:\/\/www.acquebalneabili.it\/index.php?rest_route=%2Fwp%2Fv2%2Fcomments&post=386"}],"version-history":[{"count":3,"href":"https:\/\/www.acquebalneabili.it\/index.php?rest_route=\/wp\/v2\/pages\/386\/revisions"}],"predecessor-version":[{"id":398,"href":"https:\/\/www.acquebalneabili.it\/index.php?rest_route=\/wp\/v2\/pages\/386\/revisions\/398"}],"up":[{"embeddable":true,"href":"https:\/\/www.acquebalneabili.it\/index.php?rest_route=\/wp\/v2\/pages\/18"}],"wp:attachment":[{"href":"https:\/\/www.acquebalneabili.it\/index.php?rest_route=%2Fwp%2Fv2%2Fmedia&parent=386"}],"curies":[{"name":"wp","href":"https:\/\/api.w.org\/{rel}","templated":true}]}}