{"id":9,"date":"2013-06-08T01:02:05","date_gmt":"2013-06-07T23:02:05","guid":{"rendered":"http:\/\/www.acquebalneabili.it\/test\/?page_id=9"},"modified":"2021-02-02T11:24:23","modified_gmt":"2021-02-02T10:24:23","slug":"biopiscina","status":"publish","type":"page","link":"https:\/\/www.acquebalneabili.it\/?page_id=9","title":{"rendered":"Biopiscina"},"content":{"rendered":"<p>Oggi, la definizione ufficiale ed internazionale della biopiscina \u00e8 stabilita cos\u00ec:<\/p>\n<p><strong>La biopiscina \u00e8 un corpo d&#8217;acqua impermeabilizzato verso il suolo e non disinfettato chimicamente, costruito per la balneazione. La costante qualit\u00e0 del acqua balneabile \u00e8 garantita esclusivamente attraverso un trattamento biologico e\/o meccanico.<\/strong><\/p>\n<p>Si tratta di un acqua balneabile non incluso nelle linee guida per le acque balneabili 76\/160 EWG; valgono invece i parametri igenici delle WHO guideline per acque balneabili non disinfettate.<\/p>\n<p>EWG-&gt; Linee guida del consiglio della Unione Europea per la qualit\u00e0 delle acque balneabili<\/p>\n<p><strong>WHO -&gt; World Health Organisation<\/strong><\/p>\n<p>Il sistema Bio \u2013 lago \u00e8 nato 30 anni fa in Austria e perfezionato in ormai quasi tre decenni di ricerche biologiche- scientifiche e sperimentazioni \u201cin campo\u201d. Alcuni sistemi e \/o componenti sono brevettati nel paese d\u2019origine. Sostanzialmente oggi possiamo distinguere 5 tipologie diverse che rientrano nel concetto biopiscina . Obiettivo comune di tutte le 5 tipologie \u00e8 comunque quello di creare, al posto delle piscine tradizionali, laghi balneabili con una depurazione pilotata ma perfettamente naturale, che rientra nelle norme igeniche FLL ; con alcune modifiche, il sistema di depurazione \u00e8 applicabile anche per laghi decorativi \u00e8 paesaggistici.<\/p>\n<p>Essenziale non \u00e8 tanto la metodologia costruttiva quanto il raggiungimento della qualit\u00e0 balneabile dell\u2019 acqua attraverso la precisa conoscenza ed applicazione dei processi biologici all\u2019interno di un sistema acquatico naturale.<\/p>\n<p>Perfettamente ecocompatibile, la biopiscina si distingue dalla piscina tradizionale in alcune determinanti caratteristiche, che sono:<\/p>\n<table border=\"0\" width=\"100%\" cellspacing=\"0\" cellpadding=\"10\">\n<tbody>\n<tr>\n<td width=\"6%\"><\/td>\n<td align=\"left\" valign=\"top\" width=\"4%\"><strong>1.<\/strong><\/td>\n<td align=\"left\" valign=\"top\" width=\"90%\">la totale assenza di prodotti e\/o trattamenti chimici per i processi di depurazione<\/td>\n<\/tr>\n<tr>\n<td><\/td>\n<td align=\"left\" valign=\"top\"><\/td>\n<td align=\"left\" valign=\"top\"><\/td>\n<\/tr>\n<tr>\n<td><\/td>\n<td align=\"left\" valign=\"top\"><strong>2.<\/strong><\/td>\n<td align=\"left\" valign=\"top\">un sistema acquatico chiuso, potenziato in alcune tipologie da una lenta percolazione dell&#8217;acqua in apposite aree di filtrazione naturale.<\/td>\n<\/tr>\n<tr>\n<td><\/td>\n<td align=\"left\" valign=\"top\"><\/td>\n<td align=\"left\" valign=\"top\"><\/td>\n<\/tr>\n<tr>\n<td><\/td>\n<td align=\"left\" valign=\"top\"><strong>3.<\/strong><\/td>\n<td align=\"left\" valign=\"top\">la permanenza costante dell\u2019acqua nel invaso, senza copertura o svuotamento invernale, con un notevole risparmio di energia elettrica e una riduzione al minimo del consumo e dello spreco di acqua potabile (\u00e8 possibile l&#8217;uso di pompe solari)<\/td>\n<\/tr>\n<tr>\n<td><\/td>\n<td align=\"left\" valign=\"top\"><\/td>\n<td align=\"left\" valign=\"top\"><\/td>\n<\/tr>\n<tr>\n<td><\/td>\n<td align=\"left\" valign=\"top\"><strong>4.<\/strong><\/td>\n<td align=\"left\" valign=\"top\">la qualit\u00e0 dell\u2019acqua, morbidissima e piacevole sulla pelle , che non crea allergie e\/o irritazioni<\/td>\n<\/tr>\n<tr>\n<td><\/td>\n<td align=\"left\" valign=\"top\"><\/td>\n<td align=\"left\" valign=\"top\"><\/td>\n<\/tr>\n<tr>\n<td><\/td>\n<td align=\"left\" valign=\"top\"><strong>5.<\/strong><\/td>\n<td align=\"left\" valign=\"top\">l&#8217;ambientazione \u00e8 estremamente versatile, adattabile a qualsiasi ambiente, dal pi\u00f9 architettonico a quello pi\u00f9 naturale, incluso aree vincolate sotto l&#8217;aspetto paesaggistico e\/o idrogeologico.<\/td>\n<\/tr>\n<tr>\n<td><\/td>\n<td align=\"left\" valign=\"top\"><\/td>\n<td align=\"left\" valign=\"top\"><\/td>\n<\/tr>\n<tr>\n<td><\/td>\n<td align=\"left\" valign=\"top\"><strong>6.<\/strong><\/td>\n<td align=\"left\" valign=\"top\">oltre alla balneazione, la biopiscina costituisce anche un paesaggio acquatico, un posto di sosta e di meditazione nel giardino, l&#8217;arrichimento di spazio vitale per flora e fauna autoctone, una stazione di sosta e di passaggio per uccelli stanziali e migratori. In ultimo contribuisce anche a migliorare il microclima del luogo.<\/td>\n<\/tr>\n<tr>\n<td><\/td>\n<td align=\"left\" valign=\"top\"><\/td>\n<td align=\"left\" valign=\"top\"><\/td>\n<\/tr>\n<tr>\n<td><\/td>\n<td align=\"left\" valign=\"top\"><strong>7.<\/strong><\/td>\n<td align=\"left\" valign=\"top\">l\u2019ambientazione facile e l\u2019aspetto piacevole in qualsiasi ambiente; in pratica si tratta del inserimento di un biotopo acquatico con la possibilit\u00e0 di balneazione in ogni tipo di ambiente, dal pi\u00f9 architettonico a quello pi\u00f9 naturale , incluso aree vincolate sotto l\u2019aspetto paesaggistico e\/o idrogeologico.<\/td>\n<\/tr>\n<tr>\n<td><\/td>\n<td align=\"left\" valign=\"top\"><\/td>\n<td align=\"left\" valign=\"top\"><\/td>\n<\/tr>\n<tr>\n<td><\/td>\n<td align=\"left\" valign=\"top\"><strong>8.<\/strong><\/td>\n<td align=\"left\" valign=\"top\">il sistema si pu\u00f2 considerare multifunzionale: balneazione, paesaggio acquatico da ammirare, posto di sosta e di meditazione nel giardino; spazio vitale per fauna e flora autoctona ,stazione di sosta e passaggio per uccelli stanziali e migratori, fonte di miglioramento del microclima.<\/td>\n<\/tr>\n<\/tbody>\n<\/table>\n","protected":false},"excerpt":{"rendered":"<p>Oggi, la definizione ufficiale ed internazionale della biopiscina \u00e8 stabilita cos\u00ec: La biopiscina \u00e8 un corpo d&#8217;acqua impermeabilizzato verso il suolo e non disinfettato chimicamente, costruito per la balneazione. La costante qualit\u00e0 del acqua balneabile \u00e8 garantita esclusivamente attraverso un &hellip; <a href=\"https:\/\/www.acquebalneabili.it\/?page_id=9\">Continue reading <span class=\"meta-nav\">&rarr;<\/span><\/a><\/p>\n","protected":false},"author":1,"featured_media":0,"parent":0,"menu_order":0,"comment_status":"closed","ping_status":"closed","template":"","meta":[],"yoast_head":"<!-- This site is optimized with the Yoast SEO plugin v15.7 - https:\/\/yoast.com\/wordpress\/plugins\/seo\/ -->\n<meta name=\"description\" content=\"La biopiscina \u00e8 un corpo d&#039;acqua impermeabilizzato verso il suolo e non disinfettato chimicamente, costruito per la balneazione. La costante qualit\u00e0 del acqua balneabile \u00e8 garantita esclusivamente attraverso un trattamento biologico e\/o meccanico.\" \/>\n<meta name=\"robots\" content=\"index, follow, max-snippet:-1, max-image-preview:large, max-video-preview:-1\" \/>\n<link rel=\"canonical\" href=\"https:\/\/www.acquebalneabili.it\/?page_id=9\" \/>\n<meta property=\"og:locale\" content=\"it_IT\" \/>\n<meta property=\"og:type\" content=\"article\" \/>\n<meta property=\"og:title\" content=\"Biopiscina - Associazione Italiana Acque Balneabili Naturali\" \/>\n<meta property=\"og:description\" content=\"La biopiscina \u00e8 un corpo d&#039;acqua impermeabilizzato verso il suolo e non disinfettato chimicamente, costruito per la balneazione. La costante qualit\u00e0 del acqua balneabile \u00e8 garantita esclusivamente attraverso un trattamento biologico e\/o meccanico.\" \/>\n<meta property=\"og:url\" content=\"https:\/\/www.acquebalneabili.it\/?page_id=9\" \/>\n<meta property=\"og:site_name\" content=\"Associazione Italiana Acque Balneabili Naturali\" \/>\n<meta property=\"article:modified_time\" content=\"2021-02-02T10:24:23+00:00\" \/>\n<meta name=\"twitter:card\" content=\"summary_large_image\" \/>\n<meta name=\"twitter:label1\" content=\"Tempo di lettura stimato\">\n\t<meta name=\"twitter:data1\" content=\"3 minuti\">\n<script type=\"application\/ld+json\" class=\"yoast-schema-graph\">{\"@context\":\"https:\/\/schema.org\",\"@graph\":[{\"@type\":\"WebSite\",\"@id\":\"https:\/\/www.acquebalneabili.it\/#website\",\"url\":\"https:\/\/www.acquebalneabili.it\/\",\"name\":\"Associazione Italiana Acque Balneabili Naturali\",\"description\":\"Il sito ufficiale di tutti i biolaghi, biopiscine e piscine naturali in Italia\",\"potentialAction\":[{\"@type\":\"SearchAction\",\"target\":\"https:\/\/www.acquebalneabili.it\/?s={search_term_string}\",\"query-input\":\"required name=search_term_string\"}],\"inLanguage\":\"it-IT\"},{\"@type\":\"WebPage\",\"@id\":\"https:\/\/www.acquebalneabili.it\/?page_id=9#webpage\",\"url\":\"https:\/\/www.acquebalneabili.it\/?page_id=9\",\"name\":\"Biopiscina - Associazione Italiana Acque Balneabili Naturali\",\"isPartOf\":{\"@id\":\"https:\/\/www.acquebalneabili.it\/#website\"},\"datePublished\":\"2013-06-07T23:02:05+00:00\",\"dateModified\":\"2021-02-02T10:24:23+00:00\",\"description\":\"La biopiscina \\u00e8 un corpo d'acqua impermeabilizzato verso il suolo e non disinfettato chimicamente, costruito per la balneazione. La costante qualit\\u00e0 del acqua balneabile \\u00e8 garantita esclusivamente attraverso un trattamento biologico e\/o meccanico.\",\"inLanguage\":\"it-IT\",\"potentialAction\":[{\"@type\":\"ReadAction\",\"target\":[\"https:\/\/www.acquebalneabili.it\/?page_id=9\"]}]}]}<\/script>\n<!-- \/ Yoast SEO plugin. -->","_links":{"self":[{"href":"https:\/\/www.acquebalneabili.it\/index.php?rest_route=\/wp\/v2\/pages\/9"}],"collection":[{"href":"https:\/\/www.acquebalneabili.it\/index.php?rest_route=\/wp\/v2\/pages"}],"about":[{"href":"https:\/\/www.acquebalneabili.it\/index.php?rest_route=\/wp\/v2\/types\/page"}],"author":[{"embeddable":true,"href":"https:\/\/www.acquebalneabili.it\/index.php?rest_route=\/wp\/v2\/users\/1"}],"replies":[{"embeddable":true,"href":"https:\/\/www.acquebalneabili.it\/index.php?rest_route=%2Fwp%2Fv2%2Fcomments&post=9"}],"version-history":[{"count":18,"href":"https:\/\/www.acquebalneabili.it\/index.php?rest_route=\/wp\/v2\/pages\/9\/revisions"}],"predecessor-version":[{"id":756,"href":"https:\/\/www.acquebalneabili.it\/index.php?rest_route=\/wp\/v2\/pages\/9\/revisions\/756"}],"wp:attachment":[{"href":"https:\/\/www.acquebalneabili.it\/index.php?rest_route=%2Fwp%2Fv2%2Fmedia&parent=9"}],"curies":[{"name":"wp","href":"https:\/\/api.w.org\/{rel}","templated":true}]}}